{"id":33,"date":"2022-08-15T11:07:43","date_gmt":"2022-08-15T09:07:43","guid":{"rendered":"https:\/\/www.hjcc.se\/?page_id=33"},"modified":"2025-02-18T13:46:46","modified_gmt":"2025-02-18T12:46:46","slug":"kvalitet-miljo","status":"publish","type":"page","link":"https:\/\/www.hjcc.se\/en\/kvalitet-miljo\/","title":{"rendered":"Kvalitet &#038; Milj\u00f6"},"content":{"rendered":"<style>\/*! elementor - v3.7.1 - 14-08-2022 *\/\n.elementor-heading-title{padding:0;margin:0;line-height:1}.elementor-widget-heading .elementor-heading-title[class*=elementor-size-]>a{color:inherit;font-size:inherit;line-height:inherit}.elementor-widget-heading .elementor-heading-title.elementor-size-small{font-size:15px}.elementor-widget-heading .elementor-heading-title.elementor-size-medium{font-size:19px}.elementor-widget-heading .elementor-heading-title.elementor-size-large{font-size:29px}.elementor-widget-heading .elementor-heading-title.elementor-size-xl{font-size:39px}.elementor-widget-heading .elementor-heading-title.elementor-size-xxl{font-size:59px}<\/style>\n<h1>Kvalit\u00e9 &#038; Milj\u00f6<\/h1>\n<p><strong>Quality<\/strong><br \/>Our endeavor is to always fulfill the customer's requirements, expectations and needs by delivering the products on time and according to the customer's specification. This, together with a high level of service and flexibility, minimize quality deviations through a well-functioning quality management system that is constantly being developed and improved.<\/p>\n<p><strong>Environment<\/strong><br \/>We are constantly working on improvements to affect the environment as little as possible. The business must satisfy the customers' requirements, current environmental legislation and the requirements of ISO 14001. We must manage the earth's resources.<\/p>\n<p>We have undergone a certification EN-45545 Railway with M\u00e4der-Group in Switzerland. To always be able to help our customers ensure that the fire classification is correct.<\/p>","protected":false},"excerpt":{"rendered":"<p>Kvalit\u00e9 &#038; Milj\u00f6 KvalitetV\u00e5r str\u00e4van \u00e4r att alltid uppfylla kundernas krav, f\u00f6rv\u00e4ntningar och behov genom att leverera produkterna i r\u00e4tt tid och enligt kundens specifikation. Detta ihop med h\u00f6g serviceniv\u00e5 och flexibilitet minimera kvalitetsavvikelser genom ett v\u00e4lfungerande kvalitetsledningssystem som st\u00e4ndigt utvecklas och f\u00f6rb\u00e4ttras. Milj\u00f6Vi jobbar st\u00e4ndigt med f\u00f6rb\u00e4ttringar f\u00f6r att p\u00e5verka milj\u00f6n s\u00e5 lite som [&hellip;]<\/p>","protected":false},"author":1,"featured_media":0,"parent":0,"menu_order":0,"comment_status":"closed","ping_status":"closed","template":"","meta":{"_seopress_robots_primary_cat":"","footnotes":""},"Pagecategories":[],"class_list":["post-33","page","type-page","status-publish","hentry"],"_links":{"self":[{"href":"https:\/\/www.hjcc.se\/en\/wp-json\/wp\/v2\/pages\/33","targetHints":{"allow":["GET"]}}],"collection":[{"href":"https:\/\/www.hjcc.se\/en\/wp-json\/wp\/v2\/pages"}],"about":[{"href":"https:\/\/www.hjcc.se\/en\/wp-json\/wp\/v2\/types\/page"}],"author":[{"embeddable":true,"href":"https:\/\/www.hjcc.se\/en\/wp-json\/wp\/v2\/users\/1"}],"replies":[{"embeddable":true,"href":"https:\/\/www.hjcc.se\/en\/wp-json\/wp\/v2\/comments?post=33"}],"version-history":[{"count":5,"href":"https:\/\/www.hjcc.se\/en\/wp-json\/wp\/v2\/pages\/33\/revisions"}],"predecessor-version":[{"id":381,"href":"https:\/\/www.hjcc.se\/en\/wp-json\/wp\/v2\/pages\/33\/revisions\/381"}],"wp:attachment":[{"href":"https:\/\/www.hjcc.se\/en\/wp-json\/wp\/v2\/media?parent=33"}],"wp:term":[{"taxonomy":"Pagecategories","embeddable":true,"href":"https:\/\/www.hjcc.se\/en\/wp-json\/wp\/v2\/Pagecategories?post=33"}],"curies":[{"name":"wp","href":"https:\/\/api.w.org\/{rel}","templated":true}]}}